{"id":302,"date":"2024-08-12T13:23:23","date_gmt":"2024-08-12T13:23:23","guid":{"rendered":"http:\/\/tiri-pamodzi.local\/?page_id=302"},"modified":"2024-08-12T13:47:50","modified_gmt":"2024-08-12T13:47:50","slug":"apoiar","status":"publish","type":"page","link":"https:\/\/www.tiripamodzi.org\/pt\/apoiar\/","title":{"rendered":"Support"},"content":{"rendered":"\t\t<div data-elementor-type=\"wp-page\" data-elementor-id=\"302\" class=\"elementor elementor-302\">\n\t\t\t\t<div class=\"elementor-element elementor-element-6624922 e-flex e-con-boxed e-con e-parent\" data-id=\"6624922\" data-element_type=\"container\" data-settings=\"{&quot;background_background&quot;:&quot;classic&quot;}\">\n\t\t\t\t\t<div class=\"e-con-inner\">\n\t\t<div class=\"elementor-element elementor-element-5cd4774 e-con-full animated-fast e-flex elementor-invisible e-con e-child\" data-id=\"5cd4774\" data-element_type=\"container\" data-settings=\"{&quot;background_background&quot;:&quot;classic&quot;,&quot;animation&quot;:&quot;fadeIn&quot;}\">\n\t\t<div class=\"elementor-element elementor-element-f38d475 e-con-full e-flex e-con e-child\" data-id=\"f38d475\" data-element_type=\"container\">\n\t\t<div class=\"elementor-element elementor-element-64c3d6d e-con-full e-flex e-con e-child\" data-id=\"64c3d6d\" data-element_type=\"container\">\n\t\t\t\t<div class=\"elementor-element elementor-element-976c6a1 elementor-widget elementor-widget-image\" data-id=\"976c6a1\" data-element_type=\"widget\" data-widget_type=\"image.default\">\n\t\t\t\t<div class=\"elementor-widget-container\">\n\t\t\t<style>\/*! elementor - v3.23.0 - 05-08-2024 *\/\n.elementor-widget-image{text-align:center}.elementor-widget-image a{display:inline-block}.elementor-widget-image a img[src$=\".svg\"]{width:48px}.elementor-widget-image img{vertical-align:middle;display:inline-block}<\/style>\t\t\t\t\t\t\t\t\t\t<img fetchpriority=\"high\" decoding=\"async\" width=\"225\" height=\"225\" src=\"https:\/\/www.tiripamodzi.org\/wp-content\/uploads\/2024\/08\/images.png\" class=\"attachment-large size-large wp-image-335\" alt=\"\" srcset=\"https:\/\/www.tiripamodzi.org\/wp-content\/uploads\/2024\/08\/images.png 225w, https:\/\/www.tiripamodzi.org\/wp-content\/uploads\/2024\/08\/images-150x150.png 150w\" sizes=\"(max-width: 225px) 100vw, 225px\" \/>\t\t\t\t\t\t\t\t\t\t\t\t\t<\/div>\n\t\t\t\t<\/div>\n\t\t\t\t<\/div>\n\t\t<div class=\"elementor-element elementor-element-25226d3 e-con-full e-flex e-con e-child\" data-id=\"25226d3\" data-element_type=\"container\">\n\t\t\t\t<div class=\"elementor-element elementor-element-e4447e8 elementor-widget elementor-widget-heading\" data-id=\"e4447e8\" data-element_type=\"widget\" data-widget_type=\"heading.default\">\n\t\t\t\t<div class=\"elementor-widget-container\">\n\t\t\t<style>\/*! elementor - v3.23.0 - 05-08-2024 *\/\n.elementor-heading-title{padding:0;margin:0;line-height:1}.elementor-widget-heading .elementor-heading-title[class*=elementor-size-]>a{color:inherit;font-size:inherit;line-height:inherit}.elementor-widget-heading .elementor-heading-title.elementor-size-small{font-size:15px}.elementor-widget-heading .elementor-heading-title.elementor-size-medium{font-size:19px}.elementor-widget-heading .elementor-heading-title.elementor-size-large{font-size:29px}.elementor-widget-heading .elementor-heading-title.elementor-size-xl{font-size:39px}.elementor-widget-heading .elementor-heading-title.elementor-size-xxl{font-size:59px}<\/style><h2 class=\"elementor-heading-title elementor-size-default\">84 111 111<\/h2>\t\t<\/div>\n\t\t\t\t<\/div>\n\t\t\t\t<div class=\"elementor-element elementor-element-c2fb22a elementor-widget elementor-widget-text-editor\" data-id=\"c2fb22a\" data-element_type=\"widget\" data-widget_type=\"text-editor.default\">\n\t\t\t\t<div class=\"elementor-widget-container\">\n\t\t\t<style>\/*! elementor - v3.23.0 - 05-08-2024 *\/\n.elementor-widget-text-editor.elementor-drop-cap-view-stacked .elementor-drop-cap{background-color:#69727d;color:#fff}.elementor-widget-text-editor.elementor-drop-cap-view-framed .elementor-drop-cap{color:#69727d;border:3px solid;background-color:transparent}.elementor-widget-text-editor:not(.elementor-drop-cap-view-default) .elementor-drop-cap{margin-top:8px}.elementor-widget-text-editor:not(.elementor-drop-cap-view-default) .elementor-drop-cap-letter{width:1em;height:1em}.elementor-widget-text-editor .elementor-drop-cap{float:left;text-align:center;line-height:1;font-size:50px}.elementor-widget-text-editor .elementor-drop-cap-letter{display:inline-block}<\/style>\t\t\t\t<p>Titular: <strong>TIRI PAMODZI<\/strong><\/p>\t\t\t\t\t\t<\/div>\n\t\t\t\t<\/div>\n\t\t\t\t<\/div>\n\t\t\t\t<\/div>\n\t\t<div class=\"elementor-element elementor-element-cc061c9 e-con-full e-flex e-con e-child\" data-id=\"cc061c9\" data-element_type=\"container\">\n\t\t<div class=\"elementor-element elementor-element-fc4bd47 e-con-full e-flex e-con e-child\" data-id=\"fc4bd47\" data-element_type=\"container\">\n\t\t\t\t<div class=\"elementor-element elementor-element-1d64205 elementor-widget elementor-widget-image\" data-id=\"1d64205\" data-element_type=\"widget\" data-widget_type=\"image.default\">\n\t\t\t\t<div class=\"elementor-widget-container\">\n\t\t\t\t\t\t\t\t\t\t\t\t\t<img decoding=\"async\" width=\"512\" height=\"512\" src=\"https:\/\/www.tiripamodzi.org\/wp-content\/uploads\/2024\/08\/unnamed-3.png\" class=\"attachment-large size-large wp-image-339\" alt=\"\" srcset=\"https:\/\/www.tiripamodzi.org\/wp-content\/uploads\/2024\/08\/unnamed-3.png 512w, https:\/\/www.tiripamodzi.org\/wp-content\/uploads\/2024\/08\/unnamed-3-300x300.png 300w, https:\/\/www.tiripamodzi.org\/wp-content\/uploads\/2024\/08\/unnamed-3-150x150.png 150w\" sizes=\"(max-width: 512px) 100vw, 512px\" \/>\t\t\t\t\t\t\t\t\t\t\t\t\t<\/div>\n\t\t\t\t<\/div>\n\t\t\t\t<\/div>\n\t\t<div class=\"elementor-element elementor-element-ddb7f27 e-con-full e-flex e-con e-child\" data-id=\"ddb7f27\" data-element_type=\"container\">\n\t\t\t\t<div class=\"elementor-element elementor-element-eef77eb elementor-widget elementor-widget-heading\" data-id=\"eef77eb\" data-element_type=\"widget\" data-widget_type=\"heading.default\">\n\t\t\t\t<div class=\"elementor-widget-container\">\n\t\t\t<h2 class=\"elementor-heading-title elementor-size-default\">87 111 111<\/h2>\t\t<\/div>\n\t\t\t\t<\/div>\n\t\t\t\t<div class=\"elementor-element elementor-element-9731ba4 elementor-widget elementor-widget-text-editor\" data-id=\"9731ba4\" data-element_type=\"widget\" data-widget_type=\"text-editor.default\">\n\t\t\t\t<div class=\"elementor-widget-container\">\n\t\t\t\t\t\t\t<p>Titular: <strong>TIRI PAMODZI<\/strong><\/p>\t\t\t\t\t\t<\/div>\n\t\t\t\t<\/div>\n\t\t\t\t<\/div>\n\t\t\t\t<\/div>\n\t\t<div class=\"elementor-element elementor-element-f8a7aee e-con-full e-flex e-con e-child\" data-id=\"f8a7aee\" data-element_type=\"container\">\n\t\t<div class=\"elementor-element elementor-element-929f9a7 e-con-full e-flex e-con e-child\" data-id=\"929f9a7\" data-element_type=\"container\">\n\t\t\t\t<div class=\"elementor-element elementor-element-955661f elementor-widget elementor-widget-image\" data-id=\"955661f\" data-element_type=\"widget\" data-widget_type=\"image.default\">\n\t\t\t\t<div class=\"elementor-widget-container\">\n\t\t\t\t\t\t\t\t\t\t\t\t\t<img decoding=\"async\" width=\"512\" height=\"512\" src=\"https:\/\/www.tiripamodzi.org\/wp-content\/uploads\/2024\/08\/unnamed.png\" class=\"attachment-large size-large wp-image-319\" alt=\"\" srcset=\"https:\/\/www.tiripamodzi.org\/wp-content\/uploads\/2024\/08\/unnamed.png 512w, https:\/\/www.tiripamodzi.org\/wp-content\/uploads\/2024\/08\/unnamed-300x300.png 300w, https:\/\/www.tiripamodzi.org\/wp-content\/uploads\/2024\/08\/unnamed-150x150.png 150w\" sizes=\"(max-width: 512px) 100vw, 512px\" \/>\t\t\t\t\t\t\t\t\t\t\t\t\t<\/div>\n\t\t\t\t<\/div>\n\t\t\t\t<\/div>\n\t\t<div class=\"elementor-element elementor-element-9815333 e-con-full e-flex e-con e-child\" data-id=\"9815333\" data-element_type=\"container\">\n\t\t\t\t<div class=\"elementor-element elementor-element-d1766fa elementor-widget elementor-widget-heading\" data-id=\"d1766fa\" data-element_type=\"widget\" data-widget_type=\"heading.default\">\n\t\t\t\t<div class=\"elementor-widget-container\">\n\t\t\t<h2 class=\"elementor-heading-title elementor-size-default\">82 111 111<\/h2>\t\t<\/div>\n\t\t\t\t<\/div>\n\t\t\t\t<div class=\"elementor-element elementor-element-0e4d0da elementor-widget elementor-widget-text-editor\" data-id=\"0e4d0da\" data-element_type=\"widget\" data-widget_type=\"text-editor.default\">\n\t\t\t\t<div class=\"elementor-widget-container\">\n\t\t\t\t\t\t\t<p>Titular: <strong>TIRI PAMODZI<\/strong><\/p>\t\t\t\t\t\t<\/div>\n\t\t\t\t<\/div>\n\t\t\t\t<\/div>\n\t\t\t\t<\/div>\n\t\t<div class=\"elementor-element elementor-element-d650858 e-con-full e-flex e-con e-child\" data-id=\"d650858\" data-element_type=\"container\">\n\t\t<div class=\"elementor-element elementor-element-6eadc6d e-con-full e-flex e-con e-child\" data-id=\"6eadc6d\" data-element_type=\"container\">\n\t\t\t\t<div class=\"elementor-element elementor-element-eea200a elementor-widget elementor-widget-image\" data-id=\"eea200a\" data-element_type=\"widget\" data-widget_type=\"image.default\">\n\t\t\t\t<div class=\"elementor-widget-container\">\n\t\t\t\t\t\t\t\t\t\t\t\t\t<img loading=\"lazy\" decoding=\"async\" width=\"512\" height=\"512\" src=\"https:\/\/www.tiripamodzi.org\/wp-content\/uploads\/2024\/08\/unnamed-1.png\" class=\"attachment-large size-large wp-image-324\" alt=\"\" srcset=\"https:\/\/www.tiripamodzi.org\/wp-content\/uploads\/2024\/08\/unnamed-1.png 512w, https:\/\/www.tiripamodzi.org\/wp-content\/uploads\/2024\/08\/unnamed-1-300x300.png 300w, https:\/\/www.tiripamodzi.org\/wp-content\/uploads\/2024\/08\/unnamed-1-150x150.png 150w\" sizes=\"(max-width: 512px) 100vw, 512px\" \/>\t\t\t\t\t\t\t\t\t\t\t\t\t<\/div>\n\t\t\t\t<\/div>\n\t\t\t\t<\/div>\n\t\t<div class=\"elementor-element elementor-element-9925943 e-con-full e-flex e-con e-child\" data-id=\"9925943\" data-element_type=\"container\">\n\t\t\t\t<div class=\"elementor-element elementor-element-6db03fc elementor-widget elementor-widget-heading\" data-id=\"6db03fc\" data-element_type=\"widget\" data-widget_type=\"heading.default\">\n\t\t\t\t<div class=\"elementor-widget-container\">\n\t\t\t<h2 class=\"elementor-heading-title elementor-size-default\">82 111 111<\/h2>\t\t<\/div>\n\t\t\t\t<\/div>\n\t\t\t\t<div class=\"elementor-element elementor-element-0cfb021 elementor-widget elementor-widget-text-editor\" data-id=\"0cfb021\" data-element_type=\"widget\" data-widget_type=\"text-editor.default\">\n\t\t\t\t<div class=\"elementor-widget-container\">\n\t\t\t\t\t\t\t<p>Titular: <strong>TIRI PAMODZI<\/strong><\/p>\t\t\t\t\t\t<\/div>\n\t\t\t\t<\/div>\n\t\t\t\t<\/div>\n\t\t\t\t<\/div>\n\t\t<div class=\"elementor-element elementor-element-ec8fdab e-con-full e-flex e-con e-child\" data-id=\"ec8fdab\" data-element_type=\"container\">\n\t\t<div class=\"elementor-element elementor-element-a3d429f e-con-full e-flex e-con e-child\" data-id=\"a3d429f\" data-element_type=\"container\">\n\t\t\t\t<div class=\"elementor-element elementor-element-d0d8dd3 elementor-widget elementor-widget-image\" data-id=\"d0d8dd3\" data-element_type=\"widget\" data-widget_type=\"image.default\">\n\t\t\t\t<div class=\"elementor-widget-container\">\n\t\t\t\t\t\t\t\t\t\t\t\t\t<img loading=\"lazy\" decoding=\"async\" width=\"512\" height=\"512\" src=\"https:\/\/www.tiripamodzi.org\/wp-content\/uploads\/2024\/08\/unnamed-2.png\" class=\"attachment-large size-large wp-image-325\" alt=\"\" srcset=\"https:\/\/www.tiripamodzi.org\/wp-content\/uploads\/2024\/08\/unnamed-2.png 512w, https:\/\/www.tiripamodzi.org\/wp-content\/uploads\/2024\/08\/unnamed-2-300x300.png 300w, https:\/\/www.tiripamodzi.org\/wp-content\/uploads\/2024\/08\/unnamed-2-150x150.png 150w\" sizes=\"(max-width: 512px) 100vw, 512px\" \/>\t\t\t\t\t\t\t\t\t\t\t\t\t<\/div>\n\t\t\t\t<\/div>\n\t\t\t\t<\/div>\n\t\t<div class=\"elementor-element elementor-element-c6fe6d6 e-con-full e-flex e-con e-child\" data-id=\"c6fe6d6\" data-element_type=\"container\">\n\t\t\t\t<div class=\"elementor-element elementor-element-8e3678e elementor-widget elementor-widget-heading\" data-id=\"8e3678e\" data-element_type=\"widget\" data-widget_type=\"heading.default\">\n\t\t\t\t<div class=\"elementor-widget-container\">\n\t\t\t<h2 class=\"elementor-heading-title elementor-size-default\">82 111 111<\/h2>\t\t<\/div>\n\t\t\t\t<\/div>\n\t\t\t\t<div class=\"elementor-element elementor-element-c3e128c elementor-widget elementor-widget-text-editor\" data-id=\"c3e128c\" data-element_type=\"widget\" data-widget_type=\"text-editor.default\">\n\t\t\t\t<div class=\"elementor-widget-container\">\n\t\t\t\t\t\t\t<p>Titular: <strong>TIRI PAMODZI<\/strong><\/p>\t\t\t\t\t\t<\/div>\n\t\t\t\t<\/div>\n\t\t\t\t<\/div>\n\t\t\t\t<\/div>\n\t\t\t\t<\/div>\n\t\t<div class=\"elementor-element elementor-element-03da1c7 e-con-full e-flex e-con e-child\" data-id=\"03da1c7\" data-element_type=\"container\">\n\t\t\t\t<div class=\"elementor-element elementor-element-b5c0708 elementor-widget elementor-widget-heading\" data-id=\"b5c0708\" data-element_type=\"widget\" data-widget_type=\"heading.default\">\n\t\t\t\t<div class=\"elementor-widget-container\">\n\t\t\t<h2 class=\"elementor-heading-title elementor-size-default\">VOC\u00ca PODE MUDAR O FUTURO<\/h2>\t\t<\/div>\n\t\t\t\t<\/div>\n\t\t\t\t<div class=\"elementor-element elementor-element-b192df3 elementor-widget elementor-widget-text-editor\" data-id=\"b192df3\" data-element_type=\"widget\" data-widget_type=\"text-editor.default\">\n\t\t\t\t<div class=\"elementor-widget-container\">\n\t\t\t\t\t\t\t<p><span class=\"s5\">A<\/span><span class=\"s5\"> TIRI PAMODZI \u00e9 uma organiza\u00e7\u00e3o sem fins lucrativos dedicada \u00e0 promo\u00e7\u00e3o do empreendedorismo entre jovens e mulheres em Mo\u00e7ambique.<\/span><\/p>\t\t\t\t\t\t<\/div>\n\t\t\t\t<\/div>\n\t\t\t\t<div class=\"elementor-element elementor-element-869b2a9 elementor-align-left elementor-tablet-align-center elementor-widget elementor-widget-button\" data-id=\"869b2a9\" data-element_type=\"widget\" data-widget_type=\"button.default\">\n\t\t\t\t<div class=\"elementor-widget-container\">\n\t\t\t\t\t<div class=\"elementor-button-wrapper\">\n\t\t\t<a class=\"elementor-button elementor-button-link elementor-size-sm\" href=\"#\">\n\t\t\t\t\t\t<span class=\"elementor-button-content-wrapper\">\n\t\t\t\t\t\t\t\t\t<span class=\"elementor-button-text\">CONTACTE-NOS<\/span>\n\t\t\t\t\t<\/span>\n\t\t\t\t\t<\/a>\n\t\t<\/div>\n\t\t\t\t<\/div>\n\t\t\t\t<\/div>\n\t\t\t\t<\/div>\n\t\t\t\t\t<\/div>\n\t\t\t\t<\/div>\n\t\t\t\t<\/div>\n\t\t","protected":false},"excerpt":{"rendered":"<p>84 111 111 Titular: TIRI PAMODZI 87 111 111 Titular: TIRI PAMODZI 82 111 111 Titular: TIRI PAMODZI 82 111 111 Titular: TIRI PAMODZI 82 111 111 Titular: TIRI PAMODZI VOC\u00ca PODE MUDAR O FUTURO A TIRI PAMODZI \u00e9 uma organiza\u00e7\u00e3o sem fins lucrativos dedicada \u00e0 promo\u00e7\u00e3o do empreendedorismo entre jovens e mulheres em Mo\u00e7ambique. [&hellip;]<\/p>\n","protected":false},"author":1,"featured_media":0,"parent":0,"menu_order":0,"comment_status":"closed","ping_status":"closed","template":"elementor_header_footer","meta":{"footnotes":""},"class_list":["post-302","page","type-page","status-publish","hentry"],"_links":{"self":[{"href":"https:\/\/www.tiripamodzi.org\/pt\/wp-json\/wp\/v2\/pages\/302","targetHints":{"allow":["GET"]}}],"collection":[{"href":"https:\/\/www.tiripamodzi.org\/pt\/wp-json\/wp\/v2\/pages"}],"about":[{"href":"https:\/\/www.tiripamodzi.org\/pt\/wp-json\/wp\/v2\/types\/page"}],"author":[{"embeddable":true,"href":"https:\/\/www.tiripamodzi.org\/pt\/wp-json\/wp\/v2\/users\/1"}],"replies":[{"embeddable":true,"href":"https:\/\/www.tiripamodzi.org\/pt\/wp-json\/wp\/v2\/comments?post=302"}],"version-history":[{"count":40,"href":"https:\/\/www.tiripamodzi.org\/pt\/wp-json\/wp\/v2\/pages\/302\/revisions"}],"predecessor-version":[{"id":351,"href":"https:\/\/www.tiripamodzi.org\/pt\/wp-json\/wp\/v2\/pages\/302\/revisions\/351"}],"wp:attachment":[{"href":"https:\/\/www.tiripamodzi.org\/pt\/wp-json\/wp\/v2\/media?parent=302"}],"curies":[{"name":"wp","href":"https:\/\/api.w.org\/{rel}","templated":true}]}}